{"id":9,"date":"2023-05-23T00:11:44","date_gmt":"2023-05-23T00:11:44","guid":{"rendered":"https:\/\/dagmamma.is\/sudurland\/?page_id=9"},"modified":"2023-05-23T19:17:54","modified_gmt":"2023-05-23T19:17:54","slug":"forsida","status":"publish","type":"page","link":"https:\/\/dagmamma.is\/sudurland\/","title":{"rendered":"Fors\u00ed\u00f0a"},"content":{"rendered":"\t\t<div data-elementor-type=\"wp-page\" data-elementor-id=\"9\" class=\"elementor elementor-9\">\n\t\t\t\t\t\t<section class=\"elementor-section elementor-top-section elementor-element elementor-element-97fb004 elementor-section-boxed elementor-section-height-default elementor-section-height-default\" data-id=\"97fb004\" data-element_type=\"section\">\n\t\t\t\t\t\t<div class=\"elementor-container elementor-column-gap-default\">\n\t\t\t\t\t<div class=\"elementor-column elementor-col-100 elementor-top-column elementor-element elementor-element-7817713\" data-id=\"7817713\" data-element_type=\"column\">\n\t\t\t<div class=\"elementor-widget-wrap elementor-element-populated\">\n\t\t\t\t\t\t<div class=\"elementor-element elementor-element-f46c43b elementor-widget elementor-widget-heading\" data-id=\"f46c43b\" data-element_type=\"widget\" data-widget_type=\"heading.default\">\n\t\t\t\t<div class=\"elementor-widget-container\">\n\t\t\t\t\t<h1 class=\"elementor-heading-title elementor-size-default\">Velkomin \u00e1 heimas\u00ed\u00f0u Samtaka dagforeldra \u00e1 Su\u00f0urlandi (SDS)<\/h1>\t\t\t\t<\/div>\n\t\t\t\t<\/div>\n\t\t\t\t\t<\/div>\n\t\t<\/div>\n\t\t\t\t\t<\/div>\n\t\t<\/section>\n\t\t\t\t<section class=\"elementor-section elementor-top-section elementor-element elementor-element-faf7b13 elementor-section-boxed elementor-section-height-default elementor-section-height-default\" data-id=\"faf7b13\" data-element_type=\"section\">\n\t\t\t\t\t\t<div class=\"elementor-container elementor-column-gap-default\">\n\t\t\t\t\t<div class=\"elementor-column elementor-col-33 elementor-top-column elementor-element elementor-element-ef799dc\" data-id=\"ef799dc\" data-element_type=\"column\">\n\t\t\t<div class=\"elementor-widget-wrap\">\n\t\t\t\t\t\t\t<\/div>\n\t\t<\/div>\n\t\t\t\t<div class=\"elementor-column elementor-col-33 elementor-top-column elementor-element elementor-element-ee25ad0\" data-id=\"ee25ad0\" data-element_type=\"column\">\n\t\t\t<div class=\"elementor-widget-wrap elementor-element-populated\">\n\t\t\t\t\t\t<div class=\"elementor-element elementor-element-b37d973 elementor-widget elementor-widget-image\" data-id=\"b37d973\" data-element_type=\"widget\" data-widget_type=\"image.default\">\n\t\t\t\t<div class=\"elementor-widget-container\">\n\t\t\t\t\t\t\t\t\t\t\t\t\t\t\t<img decoding=\"async\" width=\"320\" height=\"104\" src=\"https:\/\/dagmamma.is\/sudurland\/wp-content\/uploads\/2023\/05\/logo.png\" class=\"attachment-large size-large wp-image-5\" alt=\"Samt\u00f6k dagforeldra \u00e1 Su\u00f0urlandi\" srcset=\"https:\/\/dagmamma.is\/sudurland\/wp-content\/uploads\/2023\/05\/logo.png 320w, https:\/\/dagmamma.is\/sudurland\/wp-content\/uploads\/2023\/05\/logo-300x98.png 300w\" sizes=\"(max-width: 320px) 100vw, 320px\" \/>\t\t\t\t\t\t\t\t\t\t\t\t\t\t\t<\/div>\n\t\t\t\t<\/div>\n\t\t\t\t\t<\/div>\n\t\t<\/div>\n\t\t\t\t<div class=\"elementor-column elementor-col-33 elementor-top-column elementor-element elementor-element-a92fa71\" data-id=\"a92fa71\" data-element_type=\"column\">\n\t\t\t<div class=\"elementor-widget-wrap\">\n\t\t\t\t\t\t\t<\/div>\n\t\t<\/div>\n\t\t\t\t\t<\/div>\n\t\t<\/section>\n\t\t\t\t<section class=\"elementor-section elementor-top-section elementor-element elementor-element-4fb9fba elementor-section-boxed elementor-section-height-default elementor-section-height-default\" data-id=\"4fb9fba\" data-element_type=\"section\">\n\t\t\t\t\t\t<div class=\"elementor-container elementor-column-gap-default\">\n\t\t\t\t\t<div class=\"elementor-column elementor-col-100 elementor-top-column elementor-element elementor-element-d540d34\" data-id=\"d540d34\" data-element_type=\"column\">\n\t\t\t<div class=\"elementor-widget-wrap elementor-element-populated\">\n\t\t\t\t\t\t<div class=\"elementor-element elementor-element-c9e2a59 elementor-widget elementor-widget-image\" data-id=\"c9e2a59\" data-element_type=\"widget\" data-widget_type=\"image.default\">\n\t\t\t\t<div class=\"elementor-widget-container\">\n\t\t\t\t\t\t\t\t\t\t\t\t\t\t\t<img fetchpriority=\"high\" decoding=\"async\" width=\"1024\" height=\"512\" src=\"https:\/\/dagmamma.is\/sudurland\/wp-content\/uploads\/2023\/05\/day-care-center-dagmamma-sudur-1024x512.jpg\" class=\"attachment-large size-large wp-image-56\" alt=\"dagmamma su\u00f0urland\" srcset=\"https:\/\/dagmamma.is\/sudurland\/wp-content\/uploads\/2023\/05\/day-care-center-dagmamma-sudur-1024x512.jpg 1024w, https:\/\/dagmamma.is\/sudurland\/wp-content\/uploads\/2023\/05\/day-care-center-dagmamma-sudur-300x150.jpg 300w, https:\/\/dagmamma.is\/sudurland\/wp-content\/uploads\/2023\/05\/day-care-center-dagmamma-sudur-768x384.jpg 768w, https:\/\/dagmamma.is\/sudurland\/wp-content\/uploads\/2023\/05\/day-care-center-dagmamma-sudur-1536x768.jpg 1536w, https:\/\/dagmamma.is\/sudurland\/wp-content\/uploads\/2023\/05\/day-care-center-dagmamma-sudur.jpg 1920w\" sizes=\"(max-width: 1024px) 100vw, 1024px\" \/>\t\t\t\t\t\t\t\t\t\t\t\t\t\t\t<\/div>\n\t\t\t\t<\/div>\n\t\t\t\t\t<\/div>\n\t\t<\/div>\n\t\t\t\t\t<\/div>\n\t\t<\/section>\n\t\t\t\t<\/div>\n\t\t","protected":false},"excerpt":{"rendered":"<p>Velkomin \u00e1 heimas\u00ed\u00f0u Samtaka dagforeldra \u00e1 Su\u00f0urlandi (SDS)<\/p>\n","protected":false},"author":1,"featured_media":0,"parent":0,"menu_order":0,"comment_status":"closed","ping_status":"closed","template":"","meta":{"_kad_post_transparent":"","_kad_post_title":"hide","_kad_post_layout":"fullwidth","_kad_post_sidebar_id":"","_kad_post_content_style":"unboxed","_kad_post_vertical_padding":"hide","_kad_post_feature":"hide","_kad_post_feature_position":"","_kad_post_header":false,"_kad_post_footer":false,"footnotes":""},"class_list":["post-9","page","type-page","status-publish","hentry"],"_links":{"self":[{"href":"https:\/\/dagmamma.is\/sudurland\/wp-json\/wp\/v2\/pages\/9","targetHints":{"allow":["GET"]}}],"collection":[{"href":"https:\/\/dagmamma.is\/sudurland\/wp-json\/wp\/v2\/pages"}],"about":[{"href":"https:\/\/dagmamma.is\/sudurland\/wp-json\/wp\/v2\/types\/page"}],"author":[{"embeddable":true,"href":"https:\/\/dagmamma.is\/sudurland\/wp-json\/wp\/v2\/users\/1"}],"replies":[{"embeddable":true,"href":"https:\/\/dagmamma.is\/sudurland\/wp-json\/wp\/v2\/comments?post=9"}],"version-history":[{"count":12,"href":"https:\/\/dagmamma.is\/sudurland\/wp-json\/wp\/v2\/pages\/9\/revisions"}],"predecessor-version":[{"id":59,"href":"https:\/\/dagmamma.is\/sudurland\/wp-json\/wp\/v2\/pages\/9\/revisions\/59"}],"wp:attachment":[{"href":"https:\/\/dagmamma.is\/sudurland\/wp-json\/wp\/v2\/media?parent=9"}],"curies":[{"name":"wp","href":"https:\/\/api.w.org\/{rel}","templated":true}]}}