{"id":74,"date":"2023-05-25T22:14:17","date_gmt":"2023-05-25T22:14:17","guid":{"rendered":"https:\/\/dagmamma.is\/sudurland\/?page_id=74"},"modified":"2023-05-25T22:14:17","modified_gmt":"2023-05-25T22:14:17","slug":"reglugerd","status":"publish","type":"page","link":"https:\/\/dagmamma.is\/sudurland\/reglugerd\/","title":{"rendered":"Regluger\u00f0"},"content":{"rendered":"<p>Reglur Samtaka dagforeldra \u00e1 Su\u00f0urlandi eru \u00e6tla\u00f0ar til a\u00f0 kynna forr\u00e1\u00f0am\u00f6nnum \u00fe\u00e6r reglur sem eru \u00ed gildi vi\u00f0 dagg\u00e6slu barna. \u00dea\u00f0 stu\u00f0lar a\u00f0 betri vistun og betri samskipti forr\u00e1\u00f0amanna og dagforeldra. Auk \u00feess sem \u00fe\u00e6r fjalla um vistunargjald, vistunarsamning og \u00fdmis \u00e1kv\u00e6\u00f0i var\u00f0andi skyldur dagforeldra og forr\u00e1\u00f0amanna.<\/p>\n<p>Dagforeldri ber a\u00f0 fara me\u00f0 allar uppl\u00fdsingar sem \u00fea\u00f0 f\u00e6r um einka hagi barns og forr\u00e1\u00f0amanns \u00feess sem tr\u00fana\u00f0arm\u00e1l, svo fremur sem uppl\u00fdsingarnar var\u00f0a ekki tilkynningarskyldu samkv\u00e6mt barnaverndarl\u00f6gum.<\/p>\n<p>Vi\u00f0 upphaf dagvistunnar skulu forr\u00e1\u00f0ama\u00f0ur og dagforeldri undirrita s\u00e9rstakan vistunarsamning. \u00cd vistunar samning \u00feurfa a\u00f0 koma fram uppl\u00fdsingar um barni\u00f0, forr\u00e1\u00f0amenn \u00feess og dagforeldri s.s. nafn, heimili , s\u00edma og kennit\u00f6lu, dvalart\u00edma barns og hva\u00f0a m\u00e1lt\u00ed\u00f0ir \u00fea\u00f0 f\u00e6r hj\u00e1 dagforeldri. Eins er mikilv\u00e6gt a\u00f0 tilgreina ef a\u00f0 um einhver s\u00e9r\u00e1kv\u00e6\u00f0i er a\u00f0 r\u00e6\u00f0a \u00ed samningum forr\u00e1\u00f0amanna og dagforeldris.<\/p>\n<p>\u00c1r\u00ed\u00f0andi er a\u00f0 uppl\u00fdsingastreymi s\u00e9 miki\u00f0 og \u00f3\u00fevinga\u00f0 \u00e1 milli forr\u00e1\u00f0amanna og dagforeldris \u00fev\u00ed \u00fea\u00f0 er nau\u00f0synlegur grunnur undir g\u00f3\u00f0a samvinnu.<\/p>\n<p>Ef forr\u00e1\u00f0ama\u00f0ur kemur ekki me\u00f0 barn \u00e1 ums\u00f6mdum t\u00edma \u00ed upphafi vistunnar og tilkynnir ekki forf\u00f6ll hefur dagforeldri heimild, a\u00f0 tveimur d\u00f6gum li\u00f0num, a\u00f0 r\u00e1\u00f0stafa vistunarpl\u00e1ssi a\u00f0 n\u00fdju.<\/p>\n<p>\u00c1kv\u00f6r\u00f0un um vistun barns hj\u00e1 dagforeldri er \u00e6t\u00ed\u00f0 \u00e1 \u00e1byrg\u00f0 forr\u00e1\u00f0amanna.<\/p>\n<h3 style=\"text-align: center;\">Vistunargjald<\/h3>\n<p>Vistunargjald er \u00fea\u00f0 gjald sem greitt er m\u00e1na\u00f0arlega fyrir dagvistun barns. \u00dea\u00f0 er samansett \u00far matargjaldi, rekstrargjaldi og launum dagforeldris. \u00cd launali\u00f0 dagforeldra er innifali\u00f0 orlof og 2 veikindadagar \u00ed m\u00e1nu\u00f0i.<\/p>\n<p>Vi\u00f0 upphaf vistunnar skal gjaldskr\u00e1 dagforeldris kynnt. \u00cd gjaldskr\u00e1 skal eftirfarandi tilgreint var\u00f0andi grunngjaldi\u00f0.<\/p>\n<p>Upph\u00e6\u00f0 gjalds fyrir vistun \u00ed dagvinnu, yfirvinnu og n\u00e6turvinnu.<\/p>\n<p>Gjaldtaka mi\u00f0ast vi\u00f0 h\u00e1lfa og heila klukkustund<\/p>\n<p>Hugsanleg gjaldtaka \u00ed \u00feeim tilvikum \u00feegar forr\u00e1\u00f0ma\u00f0ur s\u00e6kir barn ekki a\u00f0 loknum ums\u00f6mdum vistunart\u00edma.<\/p>\n<p>Orlof er reikna\u00f0 \u00e1 grunngjald.<\/p>\n<p>\u00c6t\u00ed\u00f0 reiknast 22 virkir dagar \u00ed hverjum m\u00e1nu\u00f0i.<\/p>\n<p>Tveir starfsdagar \u00e1 \u00e1ri eru innifaldir \u00ed grunngjaldi, enda eru \u00feeir n\u00fdttir til endurmenntunnar \u00ed \u00fe\u00e1gu starfsins og ver\u00f0a tilkynntir me\u00f0 g\u00f3\u00f0um fyrirvara.<\/p>\n<p>H\u00e6kkanir \u00e1 gjaldskr\u00e1 skal tilkynnt me\u00f0 m\u00e1na\u00f0arfyrirvara.<\/p>\n<p>Mikilv\u00e6gt er a\u00f0 koma \u00e1 ums\u00f6mdum t\u00edma (keyptum t\u00edma) b\u00e6\u00f0i \u00feegar komi\u00f0 er og s\u00f3tt er. S\u00e9 barn ekki s\u00f3tt \u00e1 r\u00e9ttum t\u00edma grei\u00f0ist s\u00e9rstakt gjald samkv\u00e6mt samningi sem kynntur hefur veri\u00f0 forr\u00e1\u00f0amanni. Sama gildir ef komi\u00f0 er me\u00f0 barn fyrir keyptan t\u00edma.<\/p>\n<p>Gjaldi\u00f0 skal grei\u00f0ast 1. hvers m\u00e1na\u00f0ar (nema um anna\u00f0 semjist),eftir \u00ferj\u00e1 virka daga \u00e1skilur dagforeldri s\u00e9r \u00feann r\u00e9tt a\u00f0 taka ekki vi\u00f0 barni fyrr en gjaldi\u00f0 er greitt. Vanskilagjald reiknast samkv\u00e6mt samningi.<\/p>\n<p>\u00cd byrjun vistunnar skal grei\u00f0a m\u00e1nu\u00f0 fyrirfram, sem ekki er endurgrei\u00f0sluh\u00e6fur. Heimilt er \u00e1 a\u00f0l\u00f6gunart\u00edma a\u00f0 taka gjald fyrir barn eins og g\u00e6sla ver\u00f0ur.<\/p>\n<p>\u00cd \u00feeim tilvikum \u00fear sem sami\u00f0 er um tilfallandi vi\u00f0b\u00f3targ\u00e6slu skal grei\u00f0a yfirvinnugjald fram til kl. 17:00 en n\u00e6turvinnugjald eftir kl.17:00.<\/p>\n<p>Dagforeldri skal endurgrei\u00f0a martargjald barns eftir 10. dag ef barn er veikt samfellt \u00ed a.m.k. 10 virka daga svo fremur sem forr\u00e1\u00f0ama\u00f0ur hafi tilkynnt fjarvistir.<\/p>\n<p>Gjald er ekki teki\u00f0 \u00e1 me\u00f0an a\u00f0 dagforeldri er \u00ed sumarleyfi, ef barn tekur leyfi \u00e1 \u00f6\u00f0rum t\u00edma en dagforeldri \u00fearf a\u00f0 grei\u00f0a fyrir pl\u00e1ssi\u00f0 vilji forr\u00e1\u00f0amenn halda \u00fev\u00ed.<\/p>\n<h3 style=\"text-align: center;\">Dagforeldrar<\/h3>\n<p>Dagforeldri er heimilt a\u00f0 setja s\u00e9rstaka reglur fyrir eigin starfsemi og skal \u00fe\u00e1 kynna \u00fe\u00e6r forr\u00e1\u00f0amanni \u00e1\u00f0ur en a\u00f0 vistunnarsamningur er undirrita\u00f0ur. \u00de\u00e6r reglur mega \u00fe\u00f3 aldrei ganga \u00fevert \u00e1 reglur f\u00e9lags\u00fej\u00f3nustunnar e\u00f0a regluger\u00f0 f\u00e9lagsm\u00e1lar\u00e1\u00f0uneytisins.<\/p>\n<p>Dagforeldri ber ekki skylda til a\u00f0 b\u00ed\u00f0a lengur en h\u00e1lfa klukkustund framyfir umsamin g\u00e6slut\u00edma barns \u00e1 degi hverjum. Forr\u00e1\u00f0ama\u00f0ur hefur ekki leyfi til a\u00f0 f\u00e6ra til umsaminn g\u00e6slut\u00edma, jafnvel \u00fe\u00f3tt barn hafi komi\u00f0 seint um morguninn<\/p>\n<p>Geti dagforeldri af einhverjum \u00e1st\u00e6\u00f0um ekki unni\u00f0 a\u00f0 dagg\u00e6slunni skal \u00fea\u00f0 tilkynnt forr\u00e1\u00f0am\u00f6nnum \u00feegar \u00ed sta\u00f0. Foreldrar bera \u00e1byrg\u00f0 \u00e1 barni s\u00ednu \u00feann t\u00edma sem a\u00f0 dagforeldri getur ekki sinnt starfi s\u00ednu.<\/p>\n<p>Dagforeldri ber \u00e1byrg\u00f0 \u00e1 barni me\u00f0an \u00e1 dv\u00f6l \u00feess stendur, og skal hl\u00faa a\u00f0 andlegri og l\u00edkamlegri velfer\u00f0 \u00feess \u00ed sem v\u00ed\u00f0t\u00e6kustum skilningi. \u00deetta \u00e1 jafnt vi\u00f0 um f\u00e6\u00f0uval, leiki, leikf\u00f6ng, hreyfingu, \u00fativeru, tilfinninga- og f\u00e9lagslega l\u00ed\u00f0an barnsins. Dagforeldri skal sj\u00e1 til \u00feess a\u00f0 forr\u00e1\u00f0ama\u00f0ur hafi vitneskju um dagskipulag, \u00fear me\u00f0 tali\u00f0 matar\u00e6\u00f0i, svefnt\u00edma o.fl. Dagforeldri ber a\u00f0 fara a\u00f0 \u00e1kv\u00e6\u00f0um laga, regluger\u00f0a og starfsleyfisskilyr\u00f0a sem um starfsemina gilda.<\/p>\n<p>Dagforeldri er skylt a\u00f0 stu\u00f0la a\u00f0 \u00f6ryggi barna \u00ed hv\u00edvetna, svo sem me\u00f0 \u00fev\u00ed a\u00f0 hafa sj\u00fakrakassa \u00e1 heimilinu og barnal\u00e6singu \u00e1 sk\u00e1pum me\u00f0 h\u00e6ttulegum efnum. Nota skal beisli \u00ed barnav\u00f6gnum og h\u00e1um barnast\u00f3lum. B\u00f6rn \u00ed dagg\u00e6slu skulu aldrei vera skilin eftir eftirlitslaus.<\/p>\n<p>\u00c1\u00f0ur en g\u00e6sla hefsts skal dagforeldri f\u00e1 greinag\u00f3\u00f0ar uppl\u00fdsingar um barni\u00f0 og \u00e1kve\u00f0a a\u00f0l\u00f6gunart\u00edma og g\u00e6slut\u00edma \u00ed samr\u00e1\u00f0i vi\u00f0 forr\u00e1\u00f0amann. Dagforeldri skal s\u00fdna heimili, a\u00f0st\u00e6\u00f0ur inni sem \u00fati og sk\u00fdra fr\u00e1 \u00fev\u00ed hvernig \u00fea\u00f0 hagar starfi s\u00ednu. Skal dagforeldri gera forr\u00e1\u00f0amanni grein fyrir a\u00f0st\u00e6\u00f0um \u00e1 heimilinu sem geta haft \u00e1hrif \u00e1 l\u00ed\u00f0an barns, t.d ef g\u00e6lud\u00fdr er \u00e1 heimilinu.<\/p>\n<h3 style=\"text-align: center;\">Forr\u00e1\u00f0amenn<\/h3>\n<p>Forr\u00e1\u00f0amenn skulu \u00ed upphafi kynna s\u00e9r a\u00f0st\u00e6\u00f0ur hj\u00e1 dagforeldri og hvernig dagg\u00e6slunni ver\u00f0i h\u00e1tta\u00f0. \u00deeir skulu uppl\u00fdsa dagforeldri hverjar s\u00e9u daglegar venjur barnsins. Forr\u00e1\u00f0amenn eiga r\u00e9tt \u00e1 uppl\u00fdsingum um hvernig deginum ver\u00f0i vari\u00f0, \u00fear \u00e1 me\u00f0al um svefnt\u00edma barnsins, svo og um matar\u00e6\u00f0i, leikf\u00f6ng og svefna\u00f0st\u00f6\u00f0u. A\u00f0l\u00f6gun a\u00f0 vist hj\u00e1 dagforeldri skal mi\u00f0ast vi\u00f0 \u00fearfir barnsins og skal forr\u00e1\u00f0ama\u00f0ur dvelja hj\u00e1 barni s\u00ednu einhvern t\u00edma daglega \u00ed upphafi vistunnar. Forr\u00e1\u00f0amenn skulu kynna s\u00e9r fj\u00f6lda barna hj\u00e1 dagforeldri og tilkynna dagforeldri ef barn er me\u00f0 s\u00e9r\u00fearfir, svo sem vegna f\u00f6tlunnar, langvinnra veikinda e\u00f0a ofn\u00e6mis.<\/p>\n<p>Forr\u00e1\u00f0amanni ber a\u00f0 tilkynna um fjarvistir vegna veikinda barna eins flj\u00f3tt og kostur er, eins \u00feegar barn kemur aftur eftir veikindi \u00fearf a\u00f0 l\u00e1ta vita kv\u00f6ldi\u00f0 \u00e1\u00f0ur \u00ed s\u00ed\u00f0asta lagi kl 21:00, annars er ekki gert r\u00e1\u00f0 fyrir \u00fev\u00ed \u00ed mat daginn eftir. Aldrei \u00e1 a\u00f0 koma me\u00f0 veikt barn \u00ed g\u00e6slu, \u00fea\u00f0 getur smita\u00f0 \u00f6nnur b\u00f6rn \u00ed vistunn sem og dagforeldri\u00f0. Barni\u00f0 telst veikt ef \u00fea\u00f0 getur ekki teki\u00f0 e\u00f0lilegan \u00fe\u00e1tt \u00ed daglegu starfi og \u00fearf meiri umm\u00f6nnun en h\u00e6gt er a\u00f0 veita \u00ed dagg\u00e6slu. \u00dev\u00ed er barni\u00f0 velkomi\u00f0 aftur \u00feegar a\u00f0 \u00fea\u00f0 hefur veri\u00f0 hitalaust \u00ed 24 klst. og er or\u00f0i\u00f0 n\u00f3gu orkumiki\u00f0 til a\u00f0 taka \u00fe\u00e1tt \u00ed daglegu starfi.<\/p>\n<p>Hringja skal og l\u00e1ta vita ef annar en forr\u00e1\u00f0ama\u00f0ur kemur a\u00f0 s\u00e6kja barni\u00f0 sem og ef eitthva\u00f0 kemur upp \u00e1. Barni\u00f0 er ekki afhent ef a\u00f0 ekki hefur veri\u00f0 tilkynnt a\u00f0 annar a\u00f0ili s\u00e6ki barni\u00f0, \u00fe\u00f3 svo a\u00f0 \u00fea\u00f0 breg\u00f0ist vel vi\u00f0 a\u00f0ilanum, einfaldlega af \u00f6ryggis\u00e1st\u00e6\u00f0um. B\u00f6rn yngri en 12 \u00e1ra mega ekki s\u00e6kja b\u00f6rn til dagforeldris.<\/p>\n<p>Ef barn sefur \u00fat heima a\u00f0 morgni skal koma me\u00f0 \u00fea\u00f0 eftir hv\u00edldart\u00edma hj\u00e1 dagforeldri. Ekki skal panta vi\u00f0tal l\u00e6kna fyrir barni\u00f0 \u00ed matar- e\u00f0a hv\u00edldart\u00edma. Ef ekki ver\u00f0ur hj\u00e1 \u00fev\u00ed komist, skal koma me\u00f0 barni\u00f0 eftir hv\u00edldart\u00edma, svo ekki hlj\u00f3tist truflun af \u00ed hv\u00edldart\u00edma hinna barnanna.<\/p>\n<p>\u00cd samskiptum s\u00ednum vi\u00f0 dagforeldri skulu forr\u00e1\u00f0amenn vir\u00f0a \u00fea\u00f0 a\u00f0 um heimah\u00fas er a\u00f0 r\u00e6\u00f0a. Heimili dagforeldris m\u00e1 vera l\u00e6st \u00e1 me\u00f0an vistunart\u00edma stendur.Heimili dagforeldris skal hafa veri\u00f0 yfirgefi\u00f0 er keyptum t\u00edma l\u00edkur.<\/p>\n<p>Loka\u00f0 er hj\u00e1 dagforeldrum \u00e1 a\u00f0fangadag, gaml\u00e1rsdag, rau\u00f0um almanaksd\u00f6gum og milli j\u00f3la og n\u00fd\u00e1rs.<\/p>\n<h3>Breytingar \u00e1 vistunnarsamningi<\/h3>\n<p>Gagnkv\u00e6mur uppsagnarfrestur vistunarsamnings er einn m\u00e1nu\u00f0ur. Mi\u00f0a skal upps\u00f6gn vi\u00f0 1. e\u00f0a 15. dag hvers m\u00e1na\u00f0ar. Upps\u00f6gn skal vera skrifleg \u00e1 \u00fear til ger\u00f0um ey\u00f0ubl\u00f6\u00f0um.<br \/>\nVer\u00f0i breyting \u00e1 ums\u00f6mdum g\u00e6slut\u00edma, skal s\u00e9rstaklega um \u00fea\u00f0 sami\u00f0 og gagnkv\u00e6mur frestur \u00e1 gildist\u00f6ku breytinga skal vera einn m\u00e1nu\u00f0ur.<br \/>\nMunum a\u00f0 g\u00f3\u00f0 samskipti eru gulli betri, g\u00f3\u00f0 samskipti forr\u00e1\u00f0amanna og dagforeldris \u00fdta undir vell\u00ed\u00f0an og \u00f6ryggi barns \u00ed vistun.<\/p>\n<p>Sam\u00feykkt \u00e1 stj\u00f3rnarfundi Samtaka dagforeldra \u00e1 Su\u00f0urlandi. 1. j\u00fan\u00ed 2008.<\/p>\n<p>Breytingar sam\u00feykktar \u00e1 stj\u00f3rnarfundi 7. jan\u00faar 2010<\/p>\n<p style=\"text-align: center;\">Samt\u00f6k dagforeldra \u00e1 Su\u00f0urlandi<\/p>\n<p style=\"text-align: center;\">Reglur samtakanna<\/p>\n<p style=\"text-align: center;\">\nGildir fr\u00e1 7. jan\u00faar 2010<\/p>\n","protected":false},"excerpt":{"rendered":"<p>Reglur Samtaka dagforeldra \u00e1 Su\u00f0urlandi eru \u00e6tla\u00f0ar til a\u00f0 kynna forr\u00e1\u00f0am\u00f6nnum \u00fe\u00e6r reglur sem eru \u00ed gildi vi\u00f0 dagg\u00e6slu barna. \u00dea\u00f0 stu\u00f0lar a\u00f0 betri vistun og betri samskipti forr\u00e1\u00f0amanna og dagforeldra. Auk \u00feess sem \u00fe\u00e6r fjalla um vistunargjald, vistunarsamning og \u00fdmis \u00e1kv\u00e6\u00f0i var\u00f0andi skyldur dagforeldra og forr\u00e1\u00f0amanna. Dagforeldri ber a\u00f0 fara me\u00f0 allar uppl\u00fdsingar sem&#8230;<\/p>\n","protected":false},"author":1,"featured_media":0,"parent":0,"menu_order":0,"comment_status":"closed","ping_status":"closed","template":"","meta":{"_kad_post_transparent":"","_kad_post_title":"","_kad_post_layout":"","_kad_post_sidebar_id":"","_kad_post_content_style":"","_kad_post_vertical_padding":"","_kad_post_feature":"","_kad_post_feature_position":"","_kad_post_header":false,"_kad_post_footer":false,"footnotes":""},"class_list":["post-74","page","type-page","status-publish","hentry"],"_links":{"self":[{"href":"https:\/\/dagmamma.is\/sudurland\/wp-json\/wp\/v2\/pages\/74","targetHints":{"allow":["GET"]}}],"collection":[{"href":"https:\/\/dagmamma.is\/sudurland\/wp-json\/wp\/v2\/pages"}],"about":[{"href":"https:\/\/dagmamma.is\/sudurland\/wp-json\/wp\/v2\/types\/page"}],"author":[{"embeddable":true,"href":"https:\/\/dagmamma.is\/sudurland\/wp-json\/wp\/v2\/users\/1"}],"replies":[{"embeddable":true,"href":"https:\/\/dagmamma.is\/sudurland\/wp-json\/wp\/v2\/comments?post=74"}],"version-history":[{"count":1,"href":"https:\/\/dagmamma.is\/sudurland\/wp-json\/wp\/v2\/pages\/74\/revisions"}],"predecessor-version":[{"id":75,"href":"https:\/\/dagmamma.is\/sudurland\/wp-json\/wp\/v2\/pages\/74\/revisions\/75"}],"wp:attachment":[{"href":"https:\/\/dagmamma.is\/sudurland\/wp-json\/wp\/v2\/media?parent=74"}],"curies":[{"name":"wp","href":"https:\/\/api.w.org\/{rel}","templated":true}]}}