{"id":37,"date":"2023-05-23T00:23:23","date_gmt":"2023-05-23T00:23:23","guid":{"rendered":"https:\/\/dagmamma.is\/sudurland\/?page_id=37"},"modified":"2023-05-25T22:57:23","modified_gmt":"2023-05-25T22:57:23","slug":"tenglar","status":"publish","type":"page","link":"https:\/\/dagmamma.is\/sudurland\/tenglar\/","title":{"rendered":"Tenglar"},"content":{"rendered":"<p><strong><a href=\"http:\/\/dagmamma.is\/\" target=\"_blank\" rel=\"noopener\">Dagmamma.is<\/a><br \/>\n<\/strong>Vantar \u00feig dagm\u00f6mmu, ertu dagmamma<\/p>\n<p><a href=\"https:\/\/www.arborg.is\/\" target=\"_blank\" rel=\"noopener\"><strong>\u00c1rborg<\/strong><\/a><br \/>\nSveitarf\u00e9lagi\u00f0 \u00c1rborg<\/p>\n<p><a href=\"https:\/\/litabok.is\/\" target=\"_blank\" rel=\"noopener\"><strong>Litab\u00f3k.is<\/strong><\/a><br \/>\nPrenta\u00f0u \u00fat myndir til a\u00f0 lita, far\u00f0u \u00ed leiki, horf\u00f0u \u00e1 myndb\u00f6nd, sendu p\u00f3stkort<\/p>\n<p><a href=\"https:\/\/www.hveragerdi.is\/\" target=\"_blank\" rel=\"noopener\"><strong>Hverager\u00f0i<\/strong><\/a><br \/>\nHverager\u00f0isb\u00e6r bl\u00f3mstrandi b\u00e6r<\/p>\n<p><a href=\"https:\/\/www.hvolsvollur.is\/\" target=\"_blank\" rel=\"noopener\"><strong>Rang\u00e1r\u00feing eystra<\/strong><\/a><\/p>\n<p><a href=\"https:\/\/www.vestmannaeyjar.is\/\" target=\"_blank\" rel=\"noopener\"><strong>Vestmannaeyjar<\/strong><\/a><\/p>\n<p><a href=\"https:\/\/www.olfus.is\/\" target=\"_blank\" rel=\"noopener\"><strong>\u00d6lfus<\/strong><\/a><br \/>\nSveitarf\u00e9lagi\u00f0 \u00d6lfus<\/p>\n","protected":false},"excerpt":{"rendered":"<p>Dagmamma.is Vantar \u00feig dagm\u00f6mmu, ertu dagmamma \u00c1rborg Sveitarf\u00e9lagi\u00f0 \u00c1rborg Litab\u00f3k.is Prenta\u00f0u \u00fat myndir til a\u00f0 lita, far\u00f0u \u00ed leiki, horf\u00f0u \u00e1 myndb\u00f6nd, sendu p\u00f3stkort Hverager\u00f0i Hverager\u00f0isb\u00e6r bl\u00f3mstrandi b\u00e6r Rang\u00e1r\u00feing eystra Vestmannaeyjar \u00d6lfus Sveitarf\u00e9lagi\u00f0 \u00d6lfus<\/p>\n","protected":false},"author":1,"featured_media":0,"parent":0,"menu_order":0,"comment_status":"closed","ping_status":"closed","template":"","meta":{"_kad_post_transparent":"","_kad_post_title":"","_kad_post_layout":"","_kad_post_sidebar_id":"","_kad_post_content_style":"","_kad_post_vertical_padding":"","_kad_post_feature":"","_kad_post_feature_position":"","_kad_post_header":false,"_kad_post_footer":false,"footnotes":""},"class_list":["post-37","page","type-page","status-publish","hentry"],"_links":{"self":[{"href":"https:\/\/dagmamma.is\/sudurland\/wp-json\/wp\/v2\/pages\/37","targetHints":{"allow":["GET"]}}],"collection":[{"href":"https:\/\/dagmamma.is\/sudurland\/wp-json\/wp\/v2\/pages"}],"about":[{"href":"https:\/\/dagmamma.is\/sudurland\/wp-json\/wp\/v2\/types\/page"}],"author":[{"embeddable":true,"href":"https:\/\/dagmamma.is\/sudurland\/wp-json\/wp\/v2\/users\/1"}],"replies":[{"embeddable":true,"href":"https:\/\/dagmamma.is\/sudurland\/wp-json\/wp\/v2\/comments?post=37"}],"version-history":[{"count":4,"href":"https:\/\/dagmamma.is\/sudurland\/wp-json\/wp\/v2\/pages\/37\/revisions"}],"predecessor-version":[{"id":82,"href":"https:\/\/dagmamma.is\/sudurland\/wp-json\/wp\/v2\/pages\/37\/revisions\/82"}],"wp:attachment":[{"href":"https:\/\/dagmamma.is\/sudurland\/wp-json\/wp\/v2\/media?parent=37"}],"curies":[{"name":"wp","href":"https:\/\/api.w.org\/{rel}","templated":true}]}}