{"id":22,"date":"2023-05-23T00:17:19","date_gmt":"2023-05-23T00:17:19","guid":{"rendered":"https:\/\/dagmamma.is\/sudurland\/?page_id=22"},"modified":"2023-05-25T22:11:20","modified_gmt":"2023-05-25T22:11:20","slug":"stjorn-felagsins","status":"publish","type":"page","link":"https:\/\/dagmamma.is\/sudurland\/stjorn-felagsins\/","title":{"rendered":"Stj\u00f3rn f\u00e9lagsins"},"content":{"rendered":"<p style=\"text-align: center;\">\n<p style=\"text-align: center;\"><img decoding=\"async\" class=\"alignnone size-medium wp-image-6\" src=\"https:\/\/dagmamma.is\/sudurland\/wp-content\/uploads\/2023\/05\/cropped-logo-300x98.png\" alt=\"Samt\u00f6k dagforeldra \u00e1 Su\u00f0urlandi\" width=\"300\" height=\"98\" srcset=\"https:\/\/dagmamma.is\/sudurland\/wp-content\/uploads\/2023\/05\/cropped-logo-300x98.png 300w, https:\/\/dagmamma.is\/sudurland\/wp-content\/uploads\/2023\/05\/cropped-logo.png 320w\" sizes=\"(max-width: 300px) 100vw, 300px\" \/><\/p>\n<p style=\"text-align: center;\">\n<strong>Forma\u00f0ur<\/strong><br \/>\nDakri Husted<\/p>\n<p style=\"text-align: center;\"><strong>Varaforma\u00f0ur<\/strong><br \/>\nGu\u00f0r\u00fan Sigur\u00f0ad\u00f3ttir<\/p>\n<p style=\"text-align: center;\"><strong>Ritari<\/strong><br \/>\nGu\u00f0laug M. Dagbjartsd\u00f3ttir<\/p>\n<p style=\"text-align: center;\"><strong>Gjaldkeri<\/strong><br \/>\nAnna Margr\u00e9t Gunnard\u00f3ttir<\/p>\n<p style=\"text-align: center;\"><strong>Me\u00f0stj\u00f3rnandi<\/strong><br \/>\nArnd\u00eds L\u00e1ra J\u00f3nsd\u00f3ttir<\/p>\n<p style=\"text-align: center;\">Nefang: <a href=\"mailto:samtok.dagforeldra.sudurlands@gmail.com\">samtok.dagforeldra.sudurlands@gmail.com<\/a><br \/>\nSamt\u00f6k dagforeldra \u00e1 Su\u00f0urlandi<br \/>\n\u00c1rborg, 800 Selfoss<\/p>\n<p style=\"text-align: center;\">\n","protected":false},"excerpt":{"rendered":"<p>Forma\u00f0ur Dakri Husted Varaforma\u00f0ur Gu\u00f0r\u00fan Sigur\u00f0ad\u00f3ttir Ritari Gu\u00f0laug M. Dagbjartsd\u00f3ttir Gjaldkeri Anna Margr\u00e9t Gunnard\u00f3ttir Me\u00f0stj\u00f3rnandi Arnd\u00eds L\u00e1ra J\u00f3nsd\u00f3ttir Nefang: samtok.dagforeldra.sudurlands@gmail.com Samt\u00f6k dagforeldra \u00e1 Su\u00f0urlandi \u00c1rborg, 800 Selfoss<\/p>\n","protected":false},"author":1,"featured_media":0,"parent":0,"menu_order":0,"comment_status":"closed","ping_status":"closed","template":"","meta":{"_kad_post_transparent":"","_kad_post_title":"","_kad_post_layout":"","_kad_post_sidebar_id":"","_kad_post_content_style":"","_kad_post_vertical_padding":"","_kad_post_feature":"","_kad_post_feature_position":"","_kad_post_header":false,"_kad_post_footer":false,"footnotes":""},"class_list":["post-22","page","type-page","status-publish","hentry"],"_links":{"self":[{"href":"https:\/\/dagmamma.is\/sudurland\/wp-json\/wp\/v2\/pages\/22","targetHints":{"allow":["GET"]}}],"collection":[{"href":"https:\/\/dagmamma.is\/sudurland\/wp-json\/wp\/v2\/pages"}],"about":[{"href":"https:\/\/dagmamma.is\/sudurland\/wp-json\/wp\/v2\/types\/page"}],"author":[{"embeddable":true,"href":"https:\/\/dagmamma.is\/sudurland\/wp-json\/wp\/v2\/users\/1"}],"replies":[{"embeddable":true,"href":"https:\/\/dagmamma.is\/sudurland\/wp-json\/wp\/v2\/comments?post=22"}],"version-history":[{"count":3,"href":"https:\/\/dagmamma.is\/sudurland\/wp-json\/wp\/v2\/pages\/22\/revisions"}],"predecessor-version":[{"id":73,"href":"https:\/\/dagmamma.is\/sudurland\/wp-json\/wp\/v2\/pages\/22\/revisions\/73"}],"wp:attachment":[{"href":"https:\/\/dagmamma.is\/sudurland\/wp-json\/wp\/v2\/media?parent=22"}],"curies":[{"name":"wp","href":"https:\/\/api.w.org\/{rel}","templated":true}]}}