{"id":20,"date":"2023-05-23T00:16:56","date_gmt":"2023-05-23T00:16:56","guid":{"rendered":"https:\/\/dagmamma.is\/sudurland\/?page_id=20"},"modified":"2023-05-25T22:09:10","modified_gmt":"2023-05-25T22:09:10","slug":"adlogun","status":"publish","type":"page","link":"https:\/\/dagmamma.is\/sudurland\/adlogun\/","title":{"rendered":"A\u00f0l\u00f6gun"},"content":{"rendered":"<p>\u00deetta er d\u00e6mi um a\u00f0l\u00f6gun en getur veri\u00f0 breytilegt eftir dagforeldrum.<\/p>\n<p>1. DAGUR<br \/>\nM\u00e6ting 08:30-09:30 Heims\u00f3kn fyrir barni\u00f0. \u00dea\u00f0 f\u00e6r t\u00e6kif\u00e6ri til a\u00f0 sko\u00f0a a\u00f0st\u00e6\u00f0ur me\u00f0 foreldrum og pr\u00f3fa d\u00f3ti\u00f0.<\/p>\n<p>2. DAGUR<br \/>\nM\u00e6ting 08:00-10:30 Mamma og pabbi skreppa kannski fram \u00ed eldh\u00fas og k\u00edkja \u00ed bla\u00f0i\u00f0 og f\u00e1 s\u00e9r kaffisopa.<\/p>\n<p>3. DAGUR<br \/>\nM\u00e6ting 08:00-11:30 Mamma og pabbi skreppa burtu \u00ed kannski svona 1-2 klukkustundir.<\/p>\n<p>4. DAGUR<br \/>\nM\u00e6ting 08:00-14:00 Mamma og pabbi fara eftir stutt stopp og koma aftur eftir l\u00farinn.<\/p>\n<p>5. DAGUR<br \/>\nM\u00e6ting 08:00-15:30 Mamma og pabbi fara eftir stutt stopp og koma aftur \u00ed kaffit\u00edmanum<\/p>\n<p>\u00deetta plan gengur oftast sem smurt fyrir b\u00f6rn \u00e1 6. &#8211; 9. m\u00e1nu\u00f0i en \u00fe\u00e1 er algengast a\u00f0 b\u00f6rn komi til dagm\u00f3\u00f0ur.<\/p>\n<p>Eldri b\u00f6rn \u00feurfa gjarnan lengri a\u00f0l\u00f6gunart\u00edma og \u00fe\u00e1 eru tv\u00e6r vikur ekki \u00f3e\u00f0lilegur t\u00edmi. T\u00edminn mi\u00f0ast l\u00edka vi\u00f0 hversu vant barni\u00f0 er a\u00f0 vera fr\u00e1 foreldrum s\u00ednum og getur skipt miklum sk\u00f6pum \u00feegar kemur a\u00f0 a\u00f0l\u00f6gun<\/p>\n<p>Gott er fyrir barni\u00f0 a\u00f0 hafa eitthvern hlut sem \u00fea\u00f0 leggur \u00e1st \u00e1 og vetir \u00fev\u00ed \u00f6ryggi. \u00deessi hlutur getur veri\u00f0 bangsi, snu\u00f0, l\u00edti\u00f0 teppi, koddi e\u00f0a anna\u00f0. \u00c9g hvet eindregi\u00f0 til \u00feess a\u00f0 foreldrar og barn finni sl\u00edkan hlut til a\u00f0 koma me\u00f0 til m\u00edn. Athugi\u00f0 a\u00f0 \u00e9g tek ALDREI barn \u00e1n a\u00f0l\u00f6gunnar. \u00dea\u00f0 er ekki m\u00e1li\u00f0 a\u00f0 \u00fea\u00f0 s\u00e9 erfi\u00f0ara fyrir mig heldur getur trausti\u00f0 milli barns og foreldra og dagforeldra or\u00f0i\u00f0 fyrir ska\u00f0a fyrir utan bakslags sem getur komi\u00f0 framm seinna \u00ed vistuninni. -S\u00fa \u00e1h\u00e6tta a\u00f0 barni\u00f0 g\u00e6ti h\u00e6tt a\u00f0 treysta foreldrum er ekki \u00feess vir\u00f0i a\u00f0 sleppa a\u00f0l\u00f6gun e\u00f0a minnka.<\/p>\n<p>G\u00f3\u00f0 a\u00f0l\u00f6gun er grunnur a\u00f0 s\u00e1tu barni \u00ed g\u00f3\u00f0ri vistun.<\/p>\n","protected":false},"excerpt":{"rendered":"<p>\u00deetta er d\u00e6mi um a\u00f0l\u00f6gun en getur veri\u00f0 breytilegt eftir dagforeldrum. 1. DAGUR M\u00e6ting 08:30-09:30 Heims\u00f3kn fyrir barni\u00f0. \u00dea\u00f0 f\u00e6r t\u00e6kif\u00e6ri til a\u00f0 sko\u00f0a a\u00f0st\u00e6\u00f0ur me\u00f0 foreldrum og pr\u00f3fa d\u00f3ti\u00f0. 2. DAGUR M\u00e6ting 08:00-10:30 Mamma og pabbi skreppa kannski fram \u00ed eldh\u00fas og k\u00edkja \u00ed bla\u00f0i\u00f0 og f\u00e1 s\u00e9r kaffisopa. 3. DAGUR M\u00e6ting 08:00-11:30 Mamma&#8230;<\/p>\n","protected":false},"author":1,"featured_media":0,"parent":0,"menu_order":0,"comment_status":"closed","ping_status":"closed","template":"","meta":{"_kad_post_transparent":"","_kad_post_title":"","_kad_post_layout":"","_kad_post_sidebar_id":"","_kad_post_content_style":"","_kad_post_vertical_padding":"","_kad_post_feature":"","_kad_post_feature_position":"","_kad_post_header":false,"_kad_post_footer":false,"footnotes":""},"class_list":["post-20","page","type-page","status-publish","hentry"],"_links":{"self":[{"href":"https:\/\/dagmamma.is\/sudurland\/wp-json\/wp\/v2\/pages\/20","targetHints":{"allow":["GET"]}}],"collection":[{"href":"https:\/\/dagmamma.is\/sudurland\/wp-json\/wp\/v2\/pages"}],"about":[{"href":"https:\/\/dagmamma.is\/sudurland\/wp-json\/wp\/v2\/types\/page"}],"author":[{"embeddable":true,"href":"https:\/\/dagmamma.is\/sudurland\/wp-json\/wp\/v2\/users\/1"}],"replies":[{"embeddable":true,"href":"https:\/\/dagmamma.is\/sudurland\/wp-json\/wp\/v2\/comments?post=20"}],"version-history":[{"count":2,"href":"https:\/\/dagmamma.is\/sudurland\/wp-json\/wp\/v2\/pages\/20\/revisions"}],"predecessor-version":[{"id":71,"href":"https:\/\/dagmamma.is\/sudurland\/wp-json\/wp\/v2\/pages\/20\/revisions\/71"}],"wp:attachment":[{"href":"https:\/\/dagmamma.is\/sudurland\/wp-json\/wp\/v2\/media?parent=20"}],"curies":[{"name":"wp","href":"https:\/\/api.w.org\/{rel}","templated":true}]}}