{"id":18,"date":"2023-05-23T00:16:17","date_gmt":"2023-05-23T00:16:17","guid":{"rendered":"https:\/\/dagmamma.is\/sudurland\/?page_id=18"},"modified":"2023-05-25T22:01:28","modified_gmt":"2023-05-25T22:01:28","slug":"dagvistunar-reglur","status":"publish","type":"page","link":"https:\/\/dagmamma.is\/sudurland\/dagvistunar-reglur\/","title":{"rendered":"Dagvistunar reglur"},"content":{"rendered":"<p>1. Gera r\u00e1\u00f0 fyrir g\u00f3\u00f0um a\u00f0l\u00f6gunart\u00edma, s\u00e9rstaklega ef barni\u00f0 er a\u00f0 fara \u00ed g\u00e6slu \u00ed fyrsta sinn. Sl\u00e6m a\u00f0l\u00f6gun getur valdi\u00f0 brestum \u00e1 trausti barns b\u00e6\u00f0i til foreldra og dagforeldris og auki\u00f0 h\u00e6ttu \u00e1 bakslagi \u00ed vistun seinna meir.<\/p>\n<p>2. Mikilv\u00e6gt er a\u00f0 koma \u00e1 ums\u00f6mdum t\u00edma (keyptum t\u00edma), b\u00e6\u00f0i \u00feegar komi\u00f0 er og s\u00f3tt. S\u00e9 barn ekki s\u00f3tt \u00e1 r\u00e9ttum t\u00edma grei\u00f0ist s\u00e9rstakt gjald samkv\u00e6mt samningi sem kynnt hefur veri\u00f0 foreldrum. Sama gildir ef komi\u00f0 er me\u00f0 barn fyrir keyptan t\u00edma. Einnig er mikilv\u00e6gt a\u00f0 l\u00e1ta vita daginn \u00e1\u00f0ur ef barni\u00f0 kemur ekki til g\u00e6slu n\u00e6sta dag e\u00f0a ef \u00fev\u00ed seinkar.<\/p>\n<p>3. Grei\u00f0a \u00e1 gjaldi\u00f0 \u00e1 r\u00e9ttum t\u00edma, \u00fea\u00f0 minnkar h\u00e6ttu \u00e1 misskilningi, \u00feetta er eitthva\u00f0 sem \u00fearf a\u00f0 grei\u00f0ast hvort sem er, \u00fev\u00ed ekki a\u00f0 gera \u00fea\u00f0 sem fyrst. Gjald skal grei\u00f0ast fyrir 3. hvers m\u00e1na\u00f0ar (nema um anna\u00f0 semjist), eftir \u00feann t\u00edma \u00e1skilur dagforeldri s\u00e9r \u00feann r\u00e9tt a\u00f0 taka ekki vi\u00f0 barni fyrr en gjaldi\u00f0 er greitt. Vanskilagjald grei\u00f0ist samkv\u00e6mt samningi.<\/p>\n<p>4. Koma skal me\u00f0 vagn og hrein f\u00f6t \u00e1 m\u00e1nud\u00f6gum og taka heim \u00e1 f\u00f6stud\u00f6gum. Mikilv\u00e6gt er a\u00f0 fara \u00ed gegnum t\u00f6skuna yfir helgina og fylla \u00e1. B\u00f6rnin stunda \u00fativeru alla morgna og eiga \u00fev\u00ed r\u00e9tt \u00e1 a\u00f0gangi a\u00f0 g\u00f3\u00f0um \u00fatif\u00f6tum og hl\u00fdjum sem \u00fe\u00e6gilegt er a\u00f0 vera \u00ed og vi\u00f0eigandi eru eftir ve\u00f0ri. Sama gildir um vagnana..foreldrum ber a\u00f0 koma me\u00f0 n\u00e6gar \u00e1brei\u00f0ur svo barni\u00f0 sofi vel \u00ed hl\u00fdjum vagninum.<\/p>\n<p>5. Hringja skal og l\u00e1ta vita ef einhver annar kemur a\u00f0 s\u00e6kja barni\u00f0 og eins ef eitthva\u00f0 kemur upp\u00e1. Barni\u00f0 er ekki afhent ef ekki hefur veri\u00f0 tilkynnt um a\u00f0 annar a\u00f0ili s\u00e6ki \u00fe\u00f3tt barni\u00f0 breg\u00f0ist vel vi\u00f0 a\u00f0ilanum.einfaldlega af \u00f6ryggis\u00e1st\u00e6\u00f0um.<\/p>\n<p>6. Aldrei \u00e1 a\u00f0 koma me\u00f0 veikt barn \u00ed g\u00e6slu, \u00fea\u00f0 getur smita\u00f0 4 \u00f6nnur b\u00f6rn a\u00f0 \u00f3gleymdum foreldrum og okkur sem p\u00f6ssum \u00fea\u00f0 og okkar fj\u00f6lskyldu. Veikt barn \u00fearf meiri athygli en h\u00e6gt er a\u00f0 veita \u00ed dagg\u00e6slu.<br \/>\nBarni\u00f0 er velkomi\u00f0 aftur \u00feegar \u00fea\u00f0 hefur veri\u00f0 hitalaust \u00ed minst 24 klst og er n\u00f3gu orkumiki\u00f0 til a\u00f0 taka \u00fe\u00e1tt \u00ed venjulegri r\u00fat\u00ednu. Ef fari\u00f0 er \u00fat me\u00f0 barn sem er me\u00f0 hita \u00fe\u00e1 \u00e6sist s\u00fdkingin upp vegna \u00feess a\u00f0 ofn\u00e6miskerfi\u00f0 er ekki n\u00f3gu sterkt til a\u00f0 takast \u00e1 vi\u00f0 \u00fatilofti\u00f0 l\u00edka. Og ekki sk\u00e1nar \u00fea\u00f0 \u00feegar s\u00fdklarnir fr\u00e1 \u00f6llum hinum b\u00f6rnunum b\u00e6tast ofan\u00e1 \u00fea\u00f0. Barni\u00f0 telst veikt ef \u00fea\u00f0 getur ekki teki\u00f0 e\u00f0lilegan \u00fe\u00e1tt \u00ed r\u00fat\u00ednu og \u00fearf s\u00e9rstaka e\u00f0a \u00f3venjumikla umm\u00f6nnun, \u00feegar barni\u00f0 er me\u00f0 hita e\u00f0a hagar s\u00e9r \u00f3venjulega \u00e1 einhvern h\u00e1tt \u00fe\u00e1 telst \u00fea\u00f0 veikt t.d sefur mj\u00f6g miki\u00f0, er mj\u00f6g pirra\u00f0 e\u00f0a vi\u00f0kv\u00e6mt e\u00f0a er ekki \u00ed stakk b\u00fai\u00f0 til a\u00f0 umgangast a\u00f0ra e\u00f0lilega. Ef barn getur teki\u00f0 \u00fe\u00e1tt \u00ed \u00fativeru \u00e1 morgnana \u00fe\u00e1 getur barn sofi\u00f0 \u00fati \u00ed vagni.<\/p>\n<p>7.G\u00f3\u00f0 samskipti eru gulli betri. G\u00f3\u00f0 samskipti foreldra og dagforeldra \u00fdta undir vell\u00ed\u00f0an og \u00f6ryggis barns \u00ed vistun.<\/p>\n<p>8. L\u00e1ta skal vita ef a\u00f0st\u00e6\u00f0ur barnsins breytast \u00e1 nokkurn h\u00e1tt b\u00e6\u00f0i vegna \u00f6ryggis og m\u00f6guleika \u00e1 breyttri l\u00ed\u00f0an og heg\u00f0un barnsins. Ung b\u00f6rn skynja mun meira en fullor\u00f0nir gera s\u00e9r grein fyrir og breytt a\u00f0sta\u00f0a e\u00f0a r\u00fat\u00edna getur komi\u00f0 fram \u00ed \u00f6ryggisleysi, uppreisn og m\u00f3t\u00fer\u00f3a og er mun au\u00f0veldara a\u00f0 hj\u00e1lpa barninu ef allir a\u00f0ilar eru me\u00f0vita\u00f0ir um breytingar \u00ed l\u00edfi \u00feess. Dagforeldri er bundi\u00f0 \u00feagnarskyldu gagnvart foreldrum.<\/p>\n<p>Heimili dagforeldris skal hafa veri\u00f0 yfirgefi\u00f0 er keyptum t\u00edma l\u00edkur<\/p>\n","protected":false},"excerpt":{"rendered":"<p>1. Gera r\u00e1\u00f0 fyrir g\u00f3\u00f0um a\u00f0l\u00f6gunart\u00edma, s\u00e9rstaklega ef barni\u00f0 er a\u00f0 fara \u00ed g\u00e6slu \u00ed fyrsta sinn. Sl\u00e6m a\u00f0l\u00f6gun getur valdi\u00f0 brestum \u00e1 trausti barns b\u00e6\u00f0i til foreldra og dagforeldris og auki\u00f0 h\u00e6ttu \u00e1 bakslagi \u00ed vistun seinna meir. 2. Mikilv\u00e6gt er a\u00f0 koma \u00e1 ums\u00f6mdum t\u00edma (keyptum t\u00edma), b\u00e6\u00f0i \u00feegar komi\u00f0 er og s\u00f3tt&#8230;.<\/p>\n","protected":false},"author":1,"featured_media":0,"parent":0,"menu_order":0,"comment_status":"closed","ping_status":"closed","template":"","meta":{"_kad_post_transparent":"","_kad_post_title":"","_kad_post_layout":"","_kad_post_sidebar_id":"","_kad_post_content_style":"","_kad_post_vertical_padding":"","_kad_post_feature":"","_kad_post_feature_position":"","_kad_post_header":false,"_kad_post_footer":false,"footnotes":""},"class_list":["post-18","page","type-page","status-publish","hentry"],"_links":{"self":[{"href":"https:\/\/dagmamma.is\/sudurland\/wp-json\/wp\/v2\/pages\/18","targetHints":{"allow":["GET"]}}],"collection":[{"href":"https:\/\/dagmamma.is\/sudurland\/wp-json\/wp\/v2\/pages"}],"about":[{"href":"https:\/\/dagmamma.is\/sudurland\/wp-json\/wp\/v2\/types\/page"}],"author":[{"embeddable":true,"href":"https:\/\/dagmamma.is\/sudurland\/wp-json\/wp\/v2\/users\/1"}],"replies":[{"embeddable":true,"href":"https:\/\/dagmamma.is\/sudurland\/wp-json\/wp\/v2\/comments?post=18"}],"version-history":[{"count":2,"href":"https:\/\/dagmamma.is\/sudurland\/wp-json\/wp\/v2\/pages\/18\/revisions"}],"predecessor-version":[{"id":66,"href":"https:\/\/dagmamma.is\/sudurland\/wp-json\/wp\/v2\/pages\/18\/revisions\/66"}],"wp:attachment":[{"href":"https:\/\/dagmamma.is\/sudurland\/wp-json\/wp\/v2\/media?parent=18"}],"curies":[{"name":"wp","href":"https:\/\/api.w.org\/{rel}","templated":true}]}}