{"id":16,"date":"2023-05-23T00:15:50","date_gmt":"2023-05-23T00:15:50","guid":{"rendered":"https:\/\/dagmamma.is\/sudurland\/?page_id=16"},"modified":"2023-05-25T22:00:20","modified_gmt":"2023-05-25T22:00:20","slug":"felagslog","status":"publish","type":"page","link":"https:\/\/dagmamma.is\/sudurland\/felagslog\/","title":{"rendered":"F\u00e9lagsl\u00f6g"},"content":{"rendered":"<h1 id=\"internal-source-marker_0.9181247299035092\" style=\"text-align: center;\">Samt\u00f6k dagforeldra \u00e1 Su\u00f0urlandi.<\/h1>\n<h2 style=\"text-align: center;\">F\u00e9lagsl\u00f6g.<\/h2>\n<h3 style=\"text-align: center;\">1.grein<\/h3>\n<h3 style=\"text-align: center;\"><strong>Heiti samtakanna, heimili og hlutverk.<\/strong><\/h3>\n<ol>\n<li>Samt\u00f6kin heita Samt\u00f6k dagforeldra \u00e1 Su\u00f0urlandi og hafa \u00e1vallt a\u00f0setur \u00e1 Su\u00f0urlandi.<\/li>\n<li>Tilgangur samtakanna er a\u00f0 vinna a\u00f0 hagsmunum dagforeldra, aukinni fr\u00e6\u00f0slu og aukinni r\u00e9ttarst\u00f6\u00f0u dagforeldra.<\/li>\n<li>F\u00e9lagsmenn skulu hafa starfsleyfi fr\u00e1 f\u00e9lagsm\u00e1lastofnun e\u00f0a vi\u00f0komandi sveitarf\u00e9lagi.<\/li>\n<li>F\u00e9lagsgj\u00f6ld eru \u00e1kve\u00f0in af stj\u00f3rn og innheimt einu sinni \u00e1 \u00e1ri fyrir a\u00f0alfund. Skuldi f\u00e9lagsma\u00f0ur f\u00e9lagsgjald \u00e1skilur f\u00e9lagi\u00f0 s\u00e9r r\u00e9tt til a\u00f0 senda skuldina til innheimtu.<\/li>\n<li>Ver\u00f0i stj\u00f3rn f\u00e9lagsins \u00feess \u00e1skynja a\u00f0 f\u00e9lagsma\u00f0ur brj\u00f3ti \u00ed b\u00e1ga vi\u00f0 vinnureglur samtakana getur meirihluti stj\u00f3rnar f\u00e9lagsins v\u00edsa\u00f0 vi\u00f0komandi dagforeldri \u00far samt\u00f6kunum. \u00c1\u00f0ur en \u00e1kv\u00f6r\u00f0un um brottv\u00edsun er tekin skal vi\u00f0komandi dagforeldri jafnan eiga \u00feess kost a\u00f0 tj\u00e1 sig um m\u00e1li\u00f0.<\/li>\n<li>Innifali\u00f0 \u00ed f\u00e9lagsgjaldi er slysatrygging barna hj\u00e1 dagforeldrum.<\/li>\n<\/ol>\n<h3 style=\"text-align: center;\">2. grein<\/h3>\n<h3 style=\"text-align: center;\"><strong>Stj\u00f3rn, nefndir og starfsh\u00f3par.<\/strong><\/h3>\n<ol>\n<li>Stj\u00f3rn samtakanna skipa 5 manns.<\/li>\n<li>Stj\u00f3rnarmenn skulu kosnir til 2 \u00e1ra. Aldrei skulu v\u00edkja fleiri en tveir \u00far stj\u00f3rn \u00ed einu.<\/li>\n<li>Forma\u00f0ur er kosinn s\u00e9rstaklega.<\/li>\n<li>Stj\u00f3rnin skiptir me\u00f0 s\u00e9r st\u00f6rfum eftir a\u00f0alfund.<\/li>\n<li>Enginn getur \u00e1tt s\u00e6ti \u00ed a\u00f0alstj\u00f3rn samtakanna lengur en 4 \u00e1r samfellt.<\/li>\n<li>Eing\u00f6ngu starfandi dagforeldrar skulu vera \u00ed stj\u00f3rn.<\/li>\n<li>Stj\u00f3rnarfundir skulu vera m\u00e1na\u00f0arlega, fr\u00e1 septembert til ma\u00ed.<\/li>\n<li>Stj\u00f3rnarfundir skulu vera rita\u00f0ir \u00ed fundarger\u00f0arb\u00f3k\/t\u00f6lvu.<\/li>\n<li>Stj\u00f3rnarfundi skal bo\u00f0a aukalega ef tveir stj\u00f3rnarmanna \u00f3ska og skal hann haldinn innan viku fr\u00e1 \u00fev\u00ed a\u00f0 \u00f3skin kom fram.<\/li>\n<li>Stj\u00f3rnarfundur er \u00e1lyktunarf\u00e6r ef meirihluti stj\u00f3rnarmanna s\u00e6kir fund.<\/li>\n<li>Einfaldur meirihluti r\u00e6\u00f0ur \u00farslitum \u00e1 stj\u00f3rnarfundi, ef atkv\u00e6\u00f0i eru j\u00f6fn \u00fe\u00e1 r\u00e6\u00f0ur atkv\u00e6\u00f0i formanns \u00farslitum.<\/li>\n<li>Stj\u00f3rnarmenn taki ekki a\u00f0 s\u00e9r st\u00f6rf \u00ed nefndum innan f\u00e9lagsins, heldur f\u00e1i anna\u00f0 dagforeldri til \u00feess.<\/li>\n<li>Hlutverk stj\u00f3rnar er a\u00f0 vinna a\u00f0 hagsmunum dagforeldra og vera talsma\u00f0ur dagforeldra vi\u00f0 b\u00e6jaryfirv\u00f6ld e\u00f0a vi\u00f0komandi sveitarf\u00e9lag.<\/li>\n<li>Stj\u00f3rn skal bo\u00f0a til almenns fundar minnst \u00ferisvar sinnum \u00e1 \u00e1ri.<\/li>\n<\/ol>\n<h3 style=\"text-align: center;\">3. grein<\/h3>\n<h1 style=\"text-align: center;\">Vinnureglur stj\u00f3rnar og nefnda<\/h1>\n<ol>\n<li>Forma\u00f0ur heldur utanum f\u00e9lagi\u00f0. Er vakandi um velfer\u00f0 og hagsmuni \u00feess. Forma\u00f0ur bo\u00f0ar til stj\u00f3rnarfunda minnst einu sinni \u00ed m\u00e1nu\u00f0i og st\u00fdrir \u00feeim fundum.<\/li>\n<li>Varaforma\u00f0ur er til stu\u00f0nings vi\u00f0 st\u00f6rf formanns og tekur vi\u00f0 st\u00f6rfum formanns ef hann forfallast.<\/li>\n<li>Ritari s\u00e9r um a\u00f0 rita fundarger\u00f0ir stj\u00f3rnar og fundarger\u00f0ir almennra funda.<\/li>\n<li>Gjaldkeri heldur utan um fj\u00e1rm\u00e1l samtakanna, hefur yfirumsj\u00f3n me\u00f0 innheimtu f\u00e9lagsgjalda, heldur b\u00f3khald og gefur skriflega sk\u00fdrslu um innkomu og \u00fatgj\u00f6ld samtakana \u00e1 a\u00f0alfundi og \u00feegar \u00feess er s\u00e9rstaklega \u00f3ska\u00f0 af stj\u00f3rn.<\/li>\n<\/ol>\n<h3 style=\"text-align: center;\">\u00c6skilegar nefndir.<\/h3>\n<p>Ritnefnd\u00a0s\u00e9r um \u00fatg\u00e1fu fr\u00e9ttabr\u00e9fs, minnst \u00e1 6 m\u00e1na\u00f0a fresti me\u00f0 fr\u00e9ttum af st\u00f6rfum stj\u00f3rnar, greinum fr\u00e1 dagforeldrum, yfirlit fr\u00e1 \u00f6\u00f0rum h\u00f3pum og fleira.<\/p>\n<p>Heilds\u00f6lunefnd\u00a0sem s\u00e9r um a\u00f0 dagforeldrar komist \u00ed heilds\u00f6lur og kannar alla hugsanlega m\u00f6guleika \u00e1 \u00f3d\u00fdrari innkaupum fyrir dagforeldra.<\/p>\n<p>Skemmtinefnd\u00a0s\u00e9r um skemmtanir \u00ed samt\u00f6kunum jafnt fyrir b\u00f6rn sem dagforeldra. \u00c6skilegt er a\u00f0 tveir dagforeldrar sitji \u00ed hverri nefnd. Kosi\u00f0 er \u00ed \u00fe\u00e6r \u00e1 a\u00f0alfundi. H\u00f3parnir skipta sj\u00e1lfir me\u00f0 s\u00e9r verkum.<\/p>\n<p>Nefndirnar skulu kosnar til tveggja \u00e1ra.<\/p>\n<h3 style=\"text-align: center;\"><strong>4. grein<\/strong><\/h3>\n<h3 style=\"text-align: center;\">A\u00f0alfundur.<\/h3>\n<ol>\n<li>A\u00f0alfundur fer me\u00f0 \u00e6\u00f0sta vald samtakanna.<\/li>\n<li>A\u00f0alfundur skal haldinn \u00ed mars \u00e1r hvert.<\/li>\n<li>A\u00f0alfundur skal bo\u00f0a\u00f0ur me\u00f0 minnst viku fyrirvara.<\/li>\n<li>A\u00f0alfundur er l\u00f6glegur ef l\u00f6glega er til bo\u00f0a\u00f0.<\/li>\n<li>Reiknings\u00e1r samtakanna er jan\u00faar til jan\u00faar.<\/li>\n<li>Einfaldur meirihluti r\u00e6\u00f0ur \u00farslitum \u00ed \u00f6llum m\u00e1lum.<\/li>\n<li>\u00c1 a\u00f0alfundi er kosinn endursko\u00f0andi.<\/li>\n<\/ol>\n<p>Dagskr\u00e1 a\u00f0alfundarins skal vera<\/p>\n<p>1.\u00a0\u00a0\u00a0 Sk\u00fdrsla stj\u00f3rnar.<br \/>\n2.\u00a0\u00a0\u00a0 Lag\u00f0ir fram reikningar.<br \/>\n3.\u00a0\u00a0\u00a0 Lagabreytingar.<br \/>\n4.\u00a0\u00a0\u00a0 Kosning stj\u00f3rnar.<br \/>\n5.\u00a0\u00a0\u00a0 Kosning nefnda.<br \/>\n6.\u00a0\u00a0\u00a0 Kosning endursko\u00f0anda.<br \/>\n7.\u00a0\u00a0\u00a0 \u00d6nnur m\u00e1l.<\/p>\n<p style=\"text-align: center;\">5. grein<\/p>\n<h2 style=\"text-align: center;\">Lagabreytingar<\/h2>\n<p style=\"text-align: center;\">L\u00f6gum samtakanna ver\u00f0ur a\u00f0eins breytt \u00e1 a\u00f0alfundi. Till\u00f6gur til breytinga \u00e1 l\u00f6gum samtakanna skal skila til stj\u00f3rnar fyrir 1. febr\u00faar \u00e1r hvert.\u00a0Till\u00f6gur a\u00f0 breytingum laga skulu kynntar \u00e1 fundarbo\u00f0i fyrir a\u00f0alfund samtakanna.<\/p>\n<p><img decoding=\"async\" class=\"size-medium wp-image-5 aligncenter\" src=\"https:\/\/dagmamma.is\/sudurland\/wp-content\/uploads\/2023\/05\/logo-300x98.png\" alt=\"Samt\u00f6k dagforeldra \u00e1 Su\u00f0urlandi\" width=\"300\" height=\"98\" srcset=\"https:\/\/dagmamma.is\/sudurland\/wp-content\/uploads\/2023\/05\/logo-300x98.png 300w, https:\/\/dagmamma.is\/sudurland\/wp-content\/uploads\/2023\/05\/logo.png 320w\" sizes=\"(max-width: 300px) 100vw, 300px\" \/><\/p>\n","protected":false},"excerpt":{"rendered":"<p>Samt\u00f6k dagforeldra \u00e1 Su\u00f0urlandi. F\u00e9lagsl\u00f6g. 1.grein Heiti samtakanna, heimili og hlutverk. Samt\u00f6kin heita Samt\u00f6k dagforeldra \u00e1 Su\u00f0urlandi og hafa \u00e1vallt a\u00f0setur \u00e1 Su\u00f0urlandi. Tilgangur samtakanna er a\u00f0 vinna a\u00f0 hagsmunum dagforeldra, aukinni fr\u00e6\u00f0slu og aukinni r\u00e9ttarst\u00f6\u00f0u dagforeldra. F\u00e9lagsmenn skulu hafa starfsleyfi fr\u00e1 f\u00e9lagsm\u00e1lastofnun e\u00f0a vi\u00f0komandi sveitarf\u00e9lagi. F\u00e9lagsgj\u00f6ld eru \u00e1kve\u00f0in af stj\u00f3rn og innheimt einu sinni&#8230;<\/p>\n","protected":false},"author":1,"featured_media":0,"parent":0,"menu_order":0,"comment_status":"closed","ping_status":"closed","template":"","meta":{"_kad_post_transparent":"","_kad_post_title":"","_kad_post_layout":"","_kad_post_sidebar_id":"","_kad_post_content_style":"","_kad_post_vertical_padding":"","_kad_post_feature":"","_kad_post_feature_position":"","_kad_post_header":false,"_kad_post_footer":false,"footnotes":""},"class_list":["post-16","page","type-page","status-publish","hentry"],"_links":{"self":[{"href":"https:\/\/dagmamma.is\/sudurland\/wp-json\/wp\/v2\/pages\/16","targetHints":{"allow":["GET"]}}],"collection":[{"href":"https:\/\/dagmamma.is\/sudurland\/wp-json\/wp\/v2\/pages"}],"about":[{"href":"https:\/\/dagmamma.is\/sudurland\/wp-json\/wp\/v2\/types\/page"}],"author":[{"embeddable":true,"href":"https:\/\/dagmamma.is\/sudurland\/wp-json\/wp\/v2\/users\/1"}],"replies":[{"embeddable":true,"href":"https:\/\/dagmamma.is\/sudurland\/wp-json\/wp\/v2\/comments?post=16"}],"version-history":[{"count":3,"href":"https:\/\/dagmamma.is\/sudurland\/wp-json\/wp\/v2\/pages\/16\/revisions"}],"predecessor-version":[{"id":65,"href":"https:\/\/dagmamma.is\/sudurland\/wp-json\/wp\/v2\/pages\/16\/revisions\/65"}],"wp:attachment":[{"href":"https:\/\/dagmamma.is\/sudurland\/wp-json\/wp\/v2\/media?parent=16"}],"curies":[{"name":"wp","href":"https:\/\/api.w.org\/{rel}","templated":true}]}}