{"id":12,"date":"2023-05-23T00:12:36","date_gmt":"2023-05-23T00:12:36","guid":{"rendered":"https:\/\/dagmamma.is\/sudurland\/?page_id=12"},"modified":"2023-05-28T22:21:27","modified_gmt":"2023-05-28T22:21:27","slug":"dagforeldrar","status":"publish","type":"page","link":"https:\/\/dagmamma.is\/sudurland\/dagforeldrar\/","title":{"rendered":"Dagforeldrar"},"content":{"rendered":"<p><a href=\"https:\/\/dagmamma.is\/skraningar\/sudurland\/bryndis-olsen\/\" target=\"_blank\" rel=\"noopener\">Brynd\u00eds Olsen<\/a><br \/>\n<a href=\"https:\/\/dagmamma.is\/skraningar\/sudurland\/gudridur-margret-johannsdottir\/\" target=\"_blank\" rel=\"noopener\">Gu\u00f0r\u00ed\u00f0ur Margr\u00e9t J\u00f3hannsd\u00f3ttir<\/a><br \/>\n<a href=\"https:\/\/dagmamma.is\/skraningar\/sudurland\/gudrun-osk-einarsdottir\/\" target=\"_blank\" rel=\"noopener\">Gu\u00f0r\u00fan \u00d3sk Einarsd\u00f3ttir<\/a><br \/>\n<a href=\"https:\/\/dagmamma.is\/skraningar\/sudurland\/halldora-sif-johannsdottir\/\" target=\"_blank\" rel=\"noopener\">Halld\u00f3ra Sif J\u00f3hannsd\u00f3ttir<\/a><br \/>\n<a href=\"https:\/\/dagmamma.is\/skraningar\/sudurland\/katrin-brynja-kristinsdottir\/\" target=\"_blank\" rel=\"noopener\">Katr\u00edn Brynja Kristinsd\u00f3ttir<\/a><br \/>\n<a href=\"https:\/\/dagmamma.is\/skraningar\/sudurland\/kim-maria-viola-andersson\/\" target=\"_blank\" rel=\"noopener\">Kim Maria Viola Andersson<\/a><br \/>\n<a href=\"https:\/\/dagmamma.is\/skraningar\/sudurland\/kristrun-asgeirsdottir\/\" target=\"_blank\" rel=\"noopener\">Kristr\u00fan \u00c1sgeirsd\u00f3ttir<\/a><br \/>\n<a href=\"https:\/\/dagmamma.is\/skraningar\/sudurland\/nina-bjorg-borgarsdottir\/\" target=\"_blank\" rel=\"noopener\">N\u00edna Bj\u00f6rg Borgarsd\u00f3ttir<\/a><\/p>\n","protected":false},"excerpt":{"rendered":"<p>Brynd\u00eds Olsen Gu\u00f0r\u00ed\u00f0ur Margr\u00e9t J\u00f3hannsd\u00f3ttir Gu\u00f0r\u00fan \u00d3sk Einarsd\u00f3ttir Halld\u00f3ra Sif J\u00f3hannsd\u00f3ttir Katr\u00edn Brynja Kristinsd\u00f3ttir Kim Maria Viola Andersson Kristr\u00fan \u00c1sgeirsd\u00f3ttir N\u00edna Bj\u00f6rg Borgarsd\u00f3ttir<\/p>\n","protected":false},"author":1,"featured_media":0,"parent":0,"menu_order":0,"comment_status":"closed","ping_status":"closed","template":"","meta":{"_kad_post_transparent":"default","_kad_post_title":"default","_kad_post_layout":"default","_kad_post_sidebar_id":"","_kad_post_content_style":"default","_kad_post_vertical_padding":"default","_kad_post_feature":"","_kad_post_feature_position":"","_kad_post_header":false,"_kad_post_footer":false,"footnotes":""},"class_list":["post-12","page","type-page","status-publish","hentry"],"_links":{"self":[{"href":"https:\/\/dagmamma.is\/sudurland\/wp-json\/wp\/v2\/pages\/12","targetHints":{"allow":["GET"]}}],"collection":[{"href":"https:\/\/dagmamma.is\/sudurland\/wp-json\/wp\/v2\/pages"}],"about":[{"href":"https:\/\/dagmamma.is\/sudurland\/wp-json\/wp\/v2\/types\/page"}],"author":[{"embeddable":true,"href":"https:\/\/dagmamma.is\/sudurland\/wp-json\/wp\/v2\/users\/1"}],"replies":[{"embeddable":true,"href":"https:\/\/dagmamma.is\/sudurland\/wp-json\/wp\/v2\/comments?post=12"}],"version-history":[{"count":4,"href":"https:\/\/dagmamma.is\/sudurland\/wp-json\/wp\/v2\/pages\/12\/revisions"}],"predecessor-version":[{"id":91,"href":"https:\/\/dagmamma.is\/sudurland\/wp-json\/wp\/v2\/pages\/12\/revisions\/91"}],"wp:attachment":[{"href":"https:\/\/dagmamma.is\/sudurland\/wp-json\/wp\/v2\/media?parent=12"}],"curies":[{"name":"wp","href":"https:\/\/api.w.org\/{rel}","templated":true}]}}